{"id":1110,"date":"2020-09-20T21:34:41","date_gmt":"2020-09-21T02:34:41","guid":{"rendered":"http:\/\/revohouse.ca\/?page_id=1110"},"modified":"2020-09-20T21:34:41","modified_gmt":"2020-09-21T02:34:41","slug":"pre-building-phase","status":"publish","type":"page","link":"https:\/\/revohouse.ca\/fr\/pre-building-phase\/","title":{"rendered":"Pre-Building Phase"},"content":{"rendered":"<p><div class=\"fusion-bg-parallax\"  data-bg-align=\"left center\" data-direction=\"up\" data-mute=\"false\" data-opacity=\"100\" data-velocity=\"-0.3\" data-mobile-enabled=\"false\" data-break_parents=\"0\" data-bg-image=\"http:\/\/revohouse.ca\/wp-content\/uploads\/2015\/02\/home-section3.jpg\" data-bg-repeat=\"false\" data-bg-height=\"\" data-bg-width=\"\"><\/div><div class=\"fusion-fullwidth fullwidth-box fusion-parallax-up nonhundred-percent-fullwidth non-hundred-percent-height-scrolling\"  style='background-color: rgba(255,255,255,0);background-image: url(\"http:\/\/revohouse.ca\/wp-content\/uploads\/2015\/02\/home-section3.jpg\");background-position: left center;background-repeat: no-repeat;padding-top:130px;padding-right:0px;padding-bottom:120px;padding-left:0px;border-top-width:0px;border-bottom-width:0px;border-color:#eae9e9;border-top-style:solid;border-bottom-style:solid;-webkit-background-size:cover;-moz-background-size:cover;-o-background-size:cover;background-size:cover;background-attachment:up;'><div class=\"fusion-builder-row fusion-row \"><div  class=\"fusion-layout-column fusion_builder_column fusion_builder_column_1_2  fusion-one-half fusion-column-first 1_2\"  style='margin-top:0px;margin-bottom:20px;width:48%; margin-right: 4%;'>\n\t\t\t\t\t<div class=\"fusion-column-wrapper\" style=\"padding: 0px 0px 0px 0px;background-position:left top;background-repeat:no-repeat;-webkit-background-size:cover;-moz-background-size:cover;-o-background-size:cover;background-size:cover;\"  data-bg-url=\"\">\n\t\t\t\t\t\t<div class=\"fusion-text\"><h2><span style=\"color: #ffffff;\">Phase de pr\u00e9-Construction<\/span><\/h2>\n<\/div><div class=\"fusion-sep-clear\"><\/div><div class=\"fusion-separator fusion-full-width-sep sep-none\" style=\"margin-left: auto;margin-right: auto;margin-top:20px;\"><\/div><div class=\"fusion-button-wrapper\"><style type=\"text\/css\" scoped=\"scoped\">.fusion-button.button-1 .fusion-button-text, .fusion-button.button-1 i {color:rgba(255,255,255,.75);}.fusion-button.button-1 {border-width:1px;border-color:rgba(255,255,255,.75);}.fusion-button.button-1 .fusion-button-icon-divider{border-color:rgba(255,255,255,.75);}.fusion-button.button-1:hover .fusion-button-text, .fusion-button.button-1:hover i,.fusion-button.button-1:focus .fusion-button-text, .fusion-button.button-1:focus i,.fusion-button.button-1:active .fusion-button-text, .fusion-button.button-1:active{color:rgba(255,255,255,.9);}.fusion-button.button-1:hover, .fusion-button.button-1:focus, .fusion-button.button-1:active{border-width:1px;border-color:rgba(255,255,255,.9);}.fusion-button.button-1:hover .fusion-button-icon-divider, .fusion-button.button-1:hover .fusion-button-icon-divider, .fusion-button.button-1:active .fusion-button-icon-divider{border-color:rgba(255,255,255,.9);}.fusion-button.button-1{width:auto;}<\/style><a class=\"fusion-button button-flat fusion-button-square button-xlarge button-default button-1\" target=\"_self\" href=\"http:\/\/revohouse.ca\/contact\/\"><span class=\"fusion-button-text\">COMMENCER MAINTENANT<\/span><\/a><\/div><div class=\"fusion-clearfix\"><\/div>\n\n\t\t\t\t\t<\/div>\n\t\t\t\t<\/div><div  class=\"fusion-layout-column fusion_builder_column fusion_builder_column_1_2  fusion-one-half fusion-column-last 1_2\"  style='margin-top:0px;margin-bottom:20px;width:48%'>\n\t\t\t\t\t<div class=\"fusion-column-wrapper\" style=\"padding: 0px 0px 0px 0px;background-position:left top;background-repeat:no-repeat;-webkit-background-size:cover;-moz-background-size:cover;-o-background-size:cover;background-size:cover;\"  data-bg-url=\"\">\n\t\t\t\t\t\t<div class=\"fusion-clearfix\"><\/div>\n\n\t\t\t\t\t<\/div>\n\t\t\t\t<\/div><\/div><\/div><div class=\"fusion-fullwidth fullwidth-box nonhundred-percent-fullwidth non-hundred-percent-height-scrolling\"  style='background-color: rgba(255,255,255,0);background-position: left top;background-repeat: no-repeat;padding-top:130px;padding-right:0px;padding-bottom:130px;padding-left:0px;border-top-width:0px;border-bottom-width:0px;border-color:#eae9e9;border-top-style:solid;border-bottom-style:solid;'><div class=\"fusion-builder-row fusion-row \"><div  class=\"fusion-layout-column fusion_builder_column fusion_builder_column_2_3  fusion-two-third fusion-column-first 2_3\"  style='margin-top:0px;margin-bottom:20px;width:65.3333%; margin-right: 4%;'>\n\t\t\t\t\t<div class=\"fusion-column-wrapper\" style=\"padding: 0px 0px 0px 0px;background-position:left top;background-repeat:no-repeat;-webkit-background-size:cover;-moz-background-size:cover;-o-background-size:cover;background-size:cover;\"  data-bg-url=\"\">\n\t\t\t\t\t\t<div class=\"fusion-sep-clear\"><\/div><div class=\"fusion-separator sep-single sep-solid\" style=\"border-color:#e2e3e8;border-top-width:3px;margin-top:0px;margin-bottom:35px;width:100%;max-width:170px;\"><\/div><div class=\"fusion-text\"><p>notre processus de conception cr\u00e9ative combine quatre \u00e9tapes \u2013 Consultation de conception, conception et Budget, Pr\u00e9construction et Construction \u2013 pour vous guider \u00e0 travers les diff\u00e9rents \u00e9tape de la planification, de la gestion et de l&rsquo;ex\u00e9cution du projet.<\/p>\n<\/div><div class=\"fusion-text\"><h2><\/h2>\n<p>Chez RevoHouse Inc. Construction nous voulons que vous soyez impliqu\u00e9 dans tous les aspects de votre projet de construction ou de r\u00e9novation commerciale ou r\u00e9sidentielle ; votre implication est ce qui le rend unique en son genre.<\/p>\n<\/div><div class=\"fusion-clearfix\"><\/div>\n\n\t\t\t\t\t<\/div>\n\t\t\t\t<\/div><div  class=\"fusion-layout-column fusion_builder_column fusion_builder_column_1_3  fusion-one-third fusion-column-last 1_3\"  style='margin-top:0px;margin-bottom:20px;width:30.6666%'>\n\t\t\t\t\t<div class=\"fusion-column-wrapper\" style=\"padding: 0px 0px 0px 0px;background-position:left top;background-repeat:no-repeat;-webkit-background-size:cover;-moz-background-size:cover;-o-background-size:cover;background-size:cover;\"  data-bg-url=\"\">\n\t\t\t\t\t\t<span class=\"fusion-imageframe imageframe-none imageframe-1 hover-type-zoomin fusion-animated\" data-animationType=\"fadeInDown\" data-animationDuration=\"1.0\" data-animationOffset=\"100%\"><a href=\"http:\/\/revohouse.ca\/wp-content\/uploads\/2020\/08\/8.jpg\" class=\"fusion-lightbox\" data-rel=\"iLightbox[27d0c800bd478a3c7a5]\" data-title=\"8\" title=\"8\"><img loading=\"lazy\" decoding=\"async\" src=\"http:\/\/revohouse.ca\/wp-content\/uploads\/2020\/08\/8.jpg\" width=\"1200\" height=\"982\" alt=\"\" class=\"img-responsive wp-image-789\" srcset=\"https:\/\/revohouse.ca\/wp-content\/uploads\/2020\/08\/8-200x164.jpg 200w, https:\/\/revohouse.ca\/wp-content\/uploads\/2020\/08\/8-400x327.jpg 400w, https:\/\/revohouse.ca\/wp-content\/uploads\/2020\/08\/8-600x491.jpg 600w, https:\/\/revohouse.ca\/wp-content\/uploads\/2020\/08\/8-800x655.jpg 800w, https:\/\/revohouse.ca\/wp-content\/uploads\/2020\/08\/8.jpg 1200w\" sizes=\"auto, (max-width: 800px) 100vw, 400px\" \/><\/a><\/span><div class=\"fusion-clearfix\"><\/div>\n\n\t\t\t\t\t<\/div>\n\t\t\t\t<\/div><\/div><\/div><\/p>\n","protected":false},"excerpt":{"rendered":"","protected":false},"author":1,"featured_media":0,"parent":0,"menu_order":0,"comment_status":"closed","ping_status":"closed","template":"100-width.php","meta":{"footnotes":""},"class_list":["post-1110","page","type-page","status-publish","hentry"],"_links":{"self":[{"href":"https:\/\/revohouse.ca\/fr\/wp-json\/wp\/v2\/pages\/1110","targetHints":{"allow":["GET"]}}],"collection":[{"href":"https:\/\/revohouse.ca\/fr\/wp-json\/wp\/v2\/pages"}],"about":[{"href":"https:\/\/revohouse.ca\/fr\/wp-json\/wp\/v2\/types\/page"}],"author":[{"embeddable":true,"href":"https:\/\/revohouse.ca\/fr\/wp-json\/wp\/v2\/users\/1"}],"replies":[{"embeddable":true,"href":"https:\/\/revohouse.ca\/fr\/wp-json\/wp\/v2\/comments?post=1110"}],"version-history":[{"count":0,"href":"https:\/\/revohouse.ca\/fr\/wp-json\/wp\/v2\/pages\/1110\/revisions"}],"wp:attachment":[{"href":"https:\/\/revohouse.ca\/fr\/wp-json\/wp\/v2\/media?parent=1110"}],"curies":[{"name":"wp","href":"https:\/\/api.w.org\/{rel}","templated":true}]}}