{"id":1101,"date":"2020-09-20T21:18:45","date_gmt":"2020-09-21T02:18:45","guid":{"rendered":"http:\/\/revohouse.ca\/?page_id=1101"},"modified":"2020-09-20T21:26:44","modified_gmt":"2020-09-21T02:26:44","slug":"home-renovation","status":"publish","type":"page","link":"https:\/\/revohouse.ca\/fr\/home-renovation\/","title":{"rendered":"Home Renovation"},"content":{"rendered":"<p><div class=\"fusion-bg-parallax\"  data-bg-align=\"left top\" data-direction=\"up\" data-mute=\"false\" data-opacity=\"100\" data-velocity=\"-0.3\" data-mobile-enabled=\"false\" data-break_parents=\"0\" data-bg-image=\"http:\/\/revohouse.ca\/wp-content\/uploads\/2015\/02\/home-section1.jpg\" data-bg-repeat=\"false\" data-bg-height=\"\" data-bg-width=\"\"><\/div><div class=\"fusion-fullwidth fullwidth-box fusion-parallax-up nonhundred-percent-fullwidth non-hundred-percent-height-scrolling\"  style='background-color: rgba(255,255,255,0);background-image: url(\"http:\/\/revohouse.ca\/wp-content\/uploads\/2015\/02\/home-section1.jpg\");background-position: left top;background-repeat: no-repeat;padding-top:130px;padding-right:0px;padding-bottom:120px;padding-left:0px;border-top-width:0px;border-bottom-width:0px;border-color:#eae9e9;border-top-style:solid;border-bottom-style:solid;-webkit-background-size:cover;-moz-background-size:cover;-o-background-size:cover;background-size:cover;background-attachment:up;'><div class=\"fusion-builder-row fusion-row \"><div  class=\"fusion-layout-column fusion_builder_column fusion_builder_column_1_2  fusion-one-half fusion-column-first 1_2\"  style='margin-top:0px;margin-bottom:20px;width:48%; margin-right: 4%;'>\n\t\t\t\t\t<div class=\"fusion-column-wrapper\" style=\"padding: 0px 0px 0px 0px;background-position:left top;background-repeat:no-repeat;-webkit-background-size:cover;-moz-background-size:cover;-o-background-size:cover;background-size:cover;\"  data-bg-url=\"\">\n\t\t\t\t\t\t<div class=\"fusion-text\"><h2><span style=\"color: #ffffff;\">R\u00e9novation des b\u00e2timents<\/span><\/h2>\n<\/div><div class=\"fusion-sep-clear\"><\/div><div class=\"fusion-separator fusion-full-width-sep sep-none\" style=\"margin-left: auto;margin-right: auto;margin-top:20px;\"><\/div><div class=\"fusion-button-wrapper\"><style type=\"text\/css\" scoped=\"scoped\">.fusion-button.button-1 .fusion-button-text, .fusion-button.button-1 i {color:rgba(255,255,255,.75);}.fusion-button.button-1 {border-width:1px;border-color:rgba(255,255,255,.75);}.fusion-button.button-1 .fusion-button-icon-divider{border-color:rgba(255,255,255,.75);}.fusion-button.button-1:hover .fusion-button-text, .fusion-button.button-1:hover i,.fusion-button.button-1:focus .fusion-button-text, .fusion-button.button-1:focus i,.fusion-button.button-1:active .fusion-button-text, .fusion-button.button-1:active{color:rgba(255,255,255,.9);}.fusion-button.button-1:hover, .fusion-button.button-1:focus, .fusion-button.button-1:active{border-width:1px;border-color:rgba(255,255,255,.9);}.fusion-button.button-1:hover .fusion-button-icon-divider, .fusion-button.button-1:hover .fusion-button-icon-divider, .fusion-button.button-1:active .fusion-button-icon-divider{border-color:rgba(255,255,255,.9);}.fusion-button.button-1{width:auto;}<\/style><a class=\"fusion-button button-flat fusion-button-square button-xlarge button-default button-1\" target=\"_self\" href=\"http:\/\/revohouse.ca\/contact\/\"><span class=\"fusion-button-text\">COMMENCER MAINTENANT<\/span><\/a><\/div><div class=\"fusion-clearfix\"><\/div>\n\n\t\t\t\t\t<\/div>\n\t\t\t\t<\/div><div  class=\"fusion-layout-column fusion_builder_column fusion_builder_column_1_2  fusion-one-half fusion-column-last 1_2\"  style='margin-top:0px;margin-bottom:20px;width:48%'>\n\t\t\t\t\t<div class=\"fusion-column-wrapper\" style=\"padding: 0px 0px 0px 0px;background-position:left top;background-repeat:no-repeat;-webkit-background-size:cover;-moz-background-size:cover;-o-background-size:cover;background-size:cover;\"  data-bg-url=\"\">\n\t\t\t\t\t\t<div class=\"fusion-clearfix\"><\/div>\n\n\t\t\t\t\t<\/div>\n\t\t\t\t<\/div><\/div><\/div><div class=\"fusion-fullwidth fullwidth-box nonhundred-percent-fullwidth non-hundred-percent-height-scrolling\"  style='background-color: rgba(255,255,255,0);background-position: left top;background-repeat: no-repeat;padding-top:130px;padding-right:0px;padding-bottom:130px;padding-left:0px;border-top-width:0px;border-bottom-width:0px;border-color:#eae9e9;border-top-style:solid;border-bottom-style:solid;'><div class=\"fusion-builder-row fusion-row \"><div  class=\"fusion-layout-column fusion_builder_column fusion_builder_column_2_3  fusion-two-third fusion-column-first 2_3\"  style='margin-top:0px;margin-bottom:20px;width:65.3333%; margin-right: 4%;'>\n\t\t\t\t\t<div class=\"fusion-column-wrapper\" style=\"padding: 0px 0px 0px 0px;background-position:left top;background-repeat:no-repeat;-webkit-background-size:cover;-moz-background-size:cover;-o-background-size:cover;background-size:cover;\"  data-bg-url=\"\">\n\t\t\t\t\t\t<div class=\"fusion-text\"><h2>LA PERFECTION DE CONSTRUIRE<\/h2>\n<\/div><div class=\"fusion-sep-clear\"><\/div><div class=\"fusion-separator sep-single sep-solid\" style=\"border-color:#e2e3e8;border-top-width:3px;margin-top:0px;margin-bottom:35px;width:100%;max-width:170px;\"><\/div><div class=\"fusion-text\"><h3>Que vous envisagiez de construire un toit-terrasse, d&rsquo;agrandir votre maison ou de r\u00e9nover votre maison, The Revohouse \u00a0poss\u00e8de l&rsquo;exp\u00e9rience, les comp\u00e9tences et l&rsquo;engagement n\u00e9cessaires pour donner vie \u00e0 votre vision.<\/h3>\n<\/div><div class=\"fusion-text\"><h2><\/h2>\n<p><strong>Nous offrons une entreprise de conception\/construction urbaine \u00e0 service complet d\u00e9di\u00e9e \u00e0 fonctionner avec int\u00e9grit\u00e9 et respect envers nos employ\u00e9s, nos clients, nos fournisseurs et l&rsquo;environnement naturel.<\/strong><\/p>\n<p>&nbsp;<\/p>\n<p><strong>Nous employons des sp\u00e9cialistes dans de nombreuses disciplines pour r\u00e9unir nos visions cr\u00e9atives et l&rsquo;interpr\u00e9tation fonctionnelle de votre espace.<\/strong><\/p>\n<p>&nbsp;<\/p>\n<p><strong>Quelle que soit la port\u00e9e du projet, nous travaillerons en \u00e9troite collaboration avec vous pour int\u00e9grer les id\u00e9es qui conviendront le mieux \u00e0 votre style de vie.<\/strong><\/p>\n<\/div><div class=\"fusion-clearfix\"><\/div>\n\n\t\t\t\t\t<\/div>\n\t\t\t\t<\/div><div  class=\"fusion-layout-column fusion_builder_column fusion_builder_column_1_3  fusion-one-third fusion-column-last 1_3\"  style='margin-top:0px;margin-bottom:20px;width:30.6666%'>\n\t\t\t\t\t<div class=\"fusion-column-wrapper\" style=\"padding: 0px 0px 0px 0px;background-position:left top;background-repeat:no-repeat;-webkit-background-size:cover;-moz-background-size:cover;-o-background-size:cover;background-size:cover;\"  data-bg-url=\"\">\n\t\t\t\t\t\t<span class=\"fusion-imageframe imageframe-none imageframe-1 hover-type-zoomin fusion-animated\" data-animationType=\"fadeInDown\" data-animationDuration=\"1.0\" data-animationOffset=\"100%\"><a href=\"http:\/\/revohouse.ca\/wp-content\/uploads\/2015\/02\/119-patricia-ave-capturexperts-48_1_orig.jpg\" class=\"fusion-lightbox\" data-rel=\"iLightbox[f697587309b45f87a5d]\" data-title=\"119-patricia-ave-capturexperts-48_1_orig\" title=\"119-patricia-ave-capturexperts-48_1_orig\"><img loading=\"lazy\" decoding=\"async\" src=\"http:\/\/revohouse.ca\/wp-content\/uploads\/2015\/02\/119-patricia-ave-capturexperts-48_1_orig.jpg\" width=\"1100\" height=\"733\" alt=\"\" class=\"img-responsive wp-image-815\" srcset=\"https:\/\/revohouse.ca\/wp-content\/uploads\/2015\/02\/119-patricia-ave-capturexperts-48_1_orig-200x133.jpg 200w, https:\/\/revohouse.ca\/wp-content\/uploads\/2015\/02\/119-patricia-ave-capturexperts-48_1_orig-400x267.jpg 400w, https:\/\/revohouse.ca\/wp-content\/uploads\/2015\/02\/119-patricia-ave-capturexperts-48_1_orig-600x400.jpg 600w, https:\/\/revohouse.ca\/wp-content\/uploads\/2015\/02\/119-patricia-ave-capturexperts-48_1_orig-800x533.jpg 800w, https:\/\/revohouse.ca\/wp-content\/uploads\/2015\/02\/119-patricia-ave-capturexperts-48_1_orig.jpg 1100w\" sizes=\"auto, (max-width: 800px) 100vw, 400px\" \/><\/a><\/span><div class=\"fusion-clearfix\"><\/div>\n\n\t\t\t\t\t<\/div>\n\t\t\t\t<\/div><\/div><\/div><\/p>\n","protected":false},"excerpt":{"rendered":"","protected":false},"author":1,"featured_media":0,"parent":0,"menu_order":0,"comment_status":"closed","ping_status":"closed","template":"100-width.php","meta":{"footnotes":""},"class_list":["post-1101","page","type-page","status-publish","hentry"],"_links":{"self":[{"href":"https:\/\/revohouse.ca\/fr\/wp-json\/wp\/v2\/pages\/1101","targetHints":{"allow":["GET"]}}],"collection":[{"href":"https:\/\/revohouse.ca\/fr\/wp-json\/wp\/v2\/pages"}],"about":[{"href":"https:\/\/revohouse.ca\/fr\/wp-json\/wp\/v2\/types\/page"}],"author":[{"embeddable":true,"href":"https:\/\/revohouse.ca\/fr\/wp-json\/wp\/v2\/users\/1"}],"replies":[{"embeddable":true,"href":"https:\/\/revohouse.ca\/fr\/wp-json\/wp\/v2\/comments?post=1101"}],"version-history":[{"count":0,"href":"https:\/\/revohouse.ca\/fr\/wp-json\/wp\/v2\/pages\/1101\/revisions"}],"wp:attachment":[{"href":"https:\/\/revohouse.ca\/fr\/wp-json\/wp\/v2\/media?parent=1101"}],"curies":[{"name":"wp","href":"https:\/\/api.w.org\/{rel}","templated":true}]}}